{"id":10,"date":"2013-12-29T17:25:45","date_gmt":"2013-12-29T17:25:45","guid":{"rendered":"http:\/\/engel-grill-bar.de\/gbe\/?page_id=10"},"modified":"2024-03-28T18:53:27","modified_gmt":"2024-03-28T18:53:27","slug":"tradition","status":"publish","type":"page","link":"http:\/\/engel-grill-bar.de\/?page_id=10","title":{"rendered":"TRADITION"},"content":{"rendered":"\n<div class=\"wp-block-group is-layout-constrained wp-block-group-is-layout-constrained\"><div class=\"wp-block-group__inner-container\">\n<p class=\"has-text-align-center has-black-color has-text-color has-link-color has-large-font-size wp-elements-cc17ace0b2975336390639cfb7943464\">S E I T\u00a0 \u00a0D R E I\u00a0 \u00a0G E N E R A T I O N E N<\/p>\n\n\n\n<p class=\"has-text-align-center has-black-color has-text-color has-link-color wp-elements-80904ede9b022936130d3b07f72e4f12\">betreibt unsere Familie das in der Wiesbadener Stra\u00dfe in Niedernhausen gelegene Hotel.<\/p>\n\n\n\n<div class=\"wp-block-media-text is-stacked-on-mobile\"><figure class=\"wp-block-media-text__media\"><img loading=\"lazy\" decoding=\"async\" width=\"1024\" height=\"681\" src=\"http:\/\/engel-grill-bar.de\/wp-content\/uploads\/2013\/12\/SKMBT_C452-14022616190_0008-1024x681.jpg\" alt=\"\" class=\"wp-image-1046 size-full\" srcset=\"http:\/\/engel-grill-bar.de\/wp-content\/uploads\/2013\/12\/SKMBT_C452-14022616190_0008-1024x681.jpg 1024w, http:\/\/engel-grill-bar.de\/wp-content\/uploads\/2013\/12\/SKMBT_C452-14022616190_0008-300x199.jpg 300w, http:\/\/engel-grill-bar.de\/wp-content\/uploads\/2013\/12\/SKMBT_C452-14022616190_0008-768x511.jpg 768w\" sizes=\"(max-width: 1024px) 100vw, 1024px\" \/><\/figure><div class=\"wp-block-media-text__content\">\n<p class=\"has-black-color has-text-color has-link-color wp-elements-10331f91fc2a687e8d39b3f5b3073a39\">Das damals in 1963 gekaufte Mietshaus wurde zun\u00e4chst als eine kleine Pension betrieben. Durch zahlreiche An- und Umbauma\u00dfnahmen von Oma und Opa Engel wurde aus der kleinen Pension ein Hotel.<\/p>\n<\/div><\/div>\n\n\n\n<div class=\"wp-block-media-text has-media-on-the-right is-stacked-on-mobile\" style=\"grid-template-columns:auto 41%\"><div class=\"wp-block-media-text__content\">\n<p class=\"has-black-color has-text-color has-link-color wp-elements-1757650e37edbe5b7fb37454e0e5615a\">1989 folgte die \u00dcbergabe des Familienbetriebes<br>an die zweite Generation &#8211; meine Eltern &#8211; <br>Peter und Karla Engel.<br>Die \u00d6sterreicherin und der erfahrene Koch f\u00fchrten<br>den Betrieb mit viel Liebe zum Detail und saisonaler gutb\u00fcrgerlicher K\u00fcche fort.<\/p>\n<\/div><figure class=\"wp-block-media-text__media\"><img loading=\"lazy\" decoding=\"async\" width=\"975\" height=\"1024\" src=\"http:\/\/engel-grill-bar.de\/wp-content\/uploads\/2013\/12\/SKMBT_C452-14022616190_0007-975x1024.jpg\" alt=\"\" class=\"wp-image-72 size-full\" srcset=\"http:\/\/engel-grill-bar.de\/wp-content\/uploads\/2013\/12\/SKMBT_C452-14022616190_0007-975x1024.jpg 975w, http:\/\/engel-grill-bar.de\/wp-content\/uploads\/2013\/12\/SKMBT_C452-14022616190_0007-285x300.jpg 285w, http:\/\/engel-grill-bar.de\/wp-content\/uploads\/2013\/12\/SKMBT_C452-14022616190_0007.jpg 1608w\" sizes=\"(max-width: 975px) 100vw, 975px\" \/><\/figure><\/div>\n\n\n\n<div class=\"wp-block-media-text is-stacked-on-mobile\" style=\"grid-template-columns:27% auto\"><figure class=\"wp-block-media-text__media\"><img loading=\"lazy\" decoding=\"async\" width=\"525\" height=\"787\" src=\"http:\/\/engel-grill-bar.de\/wp-content\/uploads\/2024\/03\/20160830-_MG_0857.jpg\" alt=\"\" class=\"wp-image-1711 size-full\" srcset=\"http:\/\/engel-grill-bar.de\/wp-content\/uploads\/2024\/03\/20160830-_MG_0857.jpg 525w, http:\/\/engel-grill-bar.de\/wp-content\/uploads\/2024\/03\/20160830-_MG_0857-200x300.jpg 200w\" sizes=\"(max-width: 525px) 100vw, 525px\" \/><\/figure><div class=\"wp-block-media-text__content\">\n<p class=\"has-black-color has-text-color has-link-color wp-elements-42edb6c4a7fe7c90cadf25ed3aada423\">Nach meiner mehrj\u00e4hriger T\u00e4tigkeit in dem Familienbetrieb, einer Ausbildung zum Koch und einem BWL-Studium \u00fcbernahmen nun ich  R O M A N   E N G E L<br>mit Unterst\u00fctzung meiner Frau  A N J A   E N G E L<br>das kleine Unternehmen.<br>Im Oktober 2013 nach l\u00e4ngeren Umbauma\u00dfnahmen und mit neuem Konzept wurde die \u201eE N G E L   G R I L L &#8211; B A R\u201c ins Leben gerufen.<\/p>\n<\/div><\/div>\n\n\n\n<h4 class=\"wp-block-heading\"><span style=\"color: #f0e9e4;\">&nbsp;<\/span><\/h4>\n\n\n\n<p class=\"has-text-align-center\"><\/p>\n\n\n\n<p class=\"has-text-align-center\">&nbsp;<\/p>\n<\/div><\/div>\n","protected":false},"excerpt":{"rendered":"<p>S E I T\u00a0 \u00a0D R E I\u00a0 \u00a0G E N E R A T I O N E N betreibt unsere Familie das in der Wiesbadener Stra\u00dfe in Niedernhausen gelegene Hotel. Das damals in 1963 gekaufte Mietshaus wurde zun\u00e4chst als eine kleine Pension betrieben. Durch zahlreiche An- und Umbauma\u00dfnahmen von Oma und Opa Engel&hellip;<\/p>\n","protected":false},"author":2,"featured_media":0,"parent":0,"menu_order":0,"comment_status":"closed","ping_status":"open","template":"","meta":{"footnotes":""},"_links":{"self":[{"href":"http:\/\/engel-grill-bar.de\/index.php?rest_route=\/wp\/v2\/pages\/10"}],"collection":[{"href":"http:\/\/engel-grill-bar.de\/index.php?rest_route=\/wp\/v2\/pages"}],"about":[{"href":"http:\/\/engel-grill-bar.de\/index.php?rest_route=\/wp\/v2\/types\/page"}],"author":[{"embeddable":true,"href":"http:\/\/engel-grill-bar.de\/index.php?rest_route=\/wp\/v2\/users\/2"}],"replies":[{"embeddable":true,"href":"http:\/\/engel-grill-bar.de\/index.php?rest_route=%2Fwp%2Fv2%2Fcomments&post=10"}],"version-history":[{"count":85,"href":"http:\/\/engel-grill-bar.de\/index.php?rest_route=\/wp\/v2\/pages\/10\/revisions"}],"predecessor-version":[{"id":1715,"href":"http:\/\/engel-grill-bar.de\/index.php?rest_route=\/wp\/v2\/pages\/10\/revisions\/1715"}],"wp:attachment":[{"href":"http:\/\/engel-grill-bar.de\/index.php?rest_route=%2Fwp%2Fv2%2Fmedia&parent=10"}],"curies":[{"name":"wp","href":"https:\/\/api.w.org\/{rel}","templated":true}]}}