{"id":8,"date":"2013-12-29T17:25:35","date_gmt":"2013-12-29T17:25:35","guid":{"rendered":"http:\/\/engel-grill-bar.de\/gbe\/?page_id=8"},"modified":"2025-01-19T17:24:14","modified_gmt":"2025-01-19T17:24:14","slug":"essen-und-trinken","status":"publish","type":"page","link":"http:\/\/engel-grill-bar.de\/?page_id=8","title":{"rendered":"ESSEN &#038; TRINKEN"},"content":{"rendered":"\n<p class=\"has-text-align-center has-large-font-size\">&nbsp;<span style=\"color: #000000;\">WIR LADEN EUCH HERZLICH EIN&#8230;<\/span><\/p>\n\n\n\n<p class=\"has-text-align-center has-medium-font-size\"><span style=\"color: #000000;\">besucht uns und probiert vom Chef pers\u00f6nlich hausgemachte Burger.<\/span><\/p>\n\n\n\n<div class=\"wp-block-columns are-vertically-aligned-bottom is-layout-flex wp-container-core-columns-layout-1 wp-block-columns-is-layout-flex\">\n<div class=\"wp-block-column is-layout-flow wp-block-column-is-layout-flow\">\n<figure class=\"wp-block-gallery has-nested-images columns-default is-cropped wp-block-gallery-1 is-layout-flex wp-block-gallery-is-layout-flex\">\n<figure class=\"wp-block-image size-large is-style-default\"><a href=\"http:\/\/engel-grill-bar.de\/wp-content\/uploads\/2017\/06\/20160830-_MG_0518.jpg\"><img loading=\"lazy\" decoding=\"async\" width=\"1024\" height=\"511\" src=\"http:\/\/engel-grill-bar.de\/wp-content\/uploads\/2017\/06\/20160830-_MG_0518-1024x511.jpg\" alt=\"\" class=\"wp-image-949\" srcset=\"http:\/\/engel-grill-bar.de\/wp-content\/uploads\/2017\/06\/20160830-_MG_0518-1024x511.jpg 1024w, http:\/\/engel-grill-bar.de\/wp-content\/uploads\/2017\/06\/20160830-_MG_0518-300x150.jpg 300w, http:\/\/engel-grill-bar.de\/wp-content\/uploads\/2017\/06\/20160830-_MG_0518-768x383.jpg 768w, http:\/\/engel-grill-bar.de\/wp-content\/uploads\/2017\/06\/20160830-_MG_0518.jpg 1331w\" sizes=\"(max-width: 1024px) 100vw, 1024px\" \/><\/a><\/figure>\n\n\n\n<figure class=\"wp-block-image size-large\"><a href=\"http:\/\/engel-grill-bar.de\/wp-content\/uploads\/2017\/06\/20160830-_MG_0556.jpg\"><img loading=\"lazy\" decoding=\"async\" width=\"1024\" height=\"683\" src=\"http:\/\/engel-grill-bar.de\/wp-content\/uploads\/2017\/06\/20160830-_MG_0556-1024x683.jpg\" alt=\"\" class=\"wp-image-950\" srcset=\"http:\/\/engel-grill-bar.de\/wp-content\/uploads\/2017\/06\/20160830-_MG_0556-1024x683.jpg 1024w, http:\/\/engel-grill-bar.de\/wp-content\/uploads\/2017\/06\/20160830-_MG_0556-300x200.jpg 300w, http:\/\/engel-grill-bar.de\/wp-content\/uploads\/2017\/06\/20160830-_MG_0556-768x512.jpg 768w, http:\/\/engel-grill-bar.de\/wp-content\/uploads\/2017\/06\/20160830-_MG_0556.jpg 1302w\" sizes=\"(max-width: 1024px) 100vw, 1024px\" \/><\/a><\/figure>\n\n\n\n<figure class=\"wp-block-image size-large\"><a href=\"http:\/\/engel-grill-bar.de\/wp-content\/uploads\/2017\/06\/20160830-_MG_0649-2.jpg\"><img loading=\"lazy\" decoding=\"async\" width=\"1024\" height=\"683\" src=\"http:\/\/engel-grill-bar.de\/wp-content\/uploads\/2017\/06\/20160830-_MG_0649-2-1024x683.jpg\" alt=\"\" class=\"wp-image-953\" srcset=\"http:\/\/engel-grill-bar.de\/wp-content\/uploads\/2017\/06\/20160830-_MG_0649-2-1024x683.jpg 1024w, http:\/\/engel-grill-bar.de\/wp-content\/uploads\/2017\/06\/20160830-_MG_0649-2-300x200.jpg 300w, http:\/\/engel-grill-bar.de\/wp-content\/uploads\/2017\/06\/20160830-_MG_0649-2-768x512.jpg 768w\" sizes=\"(max-width: 1024px) 100vw, 1024px\" \/><\/a><\/figure>\n<\/figure>\n<\/div>\n<\/div>\n\n\n\n<p class=\"has-text-align-center has-medium-font-size\"><span style=\"color: #000000;\"> T\u00e4glich selbstgebackene Br\u00f6tchen, <\/span><br><span style=\"color: #000000;\">frisch zubereitete Frikadellen zu 100% aus Rindfleisch,<br>selbst gep\u00f6keltes und ger\u00e4uchertes Pastrami, lange gegartes Pulled Pork,<br>leckere hausgemachte Saucen und die regionalen Zutaten ergeben<br>den einzigartigen Geschmack unserer Burger. <\/span><\/p>\n\n\n\n<div class=\"wp-block-columns is-layout-flex wp-container-core-columns-layout-2 wp-block-columns-is-layout-flex\">\n<div class=\"wp-block-column is-layout-flow wp-block-column-is-layout-flow\">\n<figure class=\"wp-block-gallery has-nested-images columns-default is-cropped wp-block-gallery-2 is-layout-flex wp-block-gallery-is-layout-flex\">\n<figure class=\"wp-block-image size-large\"><a href=\"http:\/\/engel-grill-bar.de\/wp-content\/uploads\/2024\/03\/Unbenannt-scaled.jpg\"><img loading=\"lazy\" decoding=\"async\" width=\"1024\" height=\"580\" src=\"http:\/\/engel-grill-bar.de\/wp-content\/uploads\/2024\/03\/Unbenannt-1024x580.jpg\" alt=\"\" class=\"wp-image-1695\" srcset=\"http:\/\/engel-grill-bar.de\/wp-content\/uploads\/2024\/03\/Unbenannt-1024x580.jpg 1024w, http:\/\/engel-grill-bar.de\/wp-content\/uploads\/2024\/03\/Unbenannt-300x170.jpg 300w, http:\/\/engel-grill-bar.de\/wp-content\/uploads\/2024\/03\/Unbenannt-768x435.jpg 768w, http:\/\/engel-grill-bar.de\/wp-content\/uploads\/2024\/03\/Unbenannt-1536x871.jpg 1536w, http:\/\/engel-grill-bar.de\/wp-content\/uploads\/2024\/03\/Unbenannt-2048x1161.jpg 2048w\" sizes=\"(max-width: 1024px) 100vw, 1024px\" \/><\/a><\/figure>\n\n\n\n<figure class=\"wp-block-image size-large\"><a href=\"http:\/\/engel-grill-bar.de\/wp-content\/uploads\/2017\/06\/20160830-_MG_0747.jpg\"><img loading=\"lazy\" decoding=\"async\" width=\"1024\" height=\"683\" src=\"http:\/\/engel-grill-bar.de\/wp-content\/uploads\/2017\/06\/20160830-_MG_0747-1024x683.jpg\" alt=\"\" class=\"wp-image-961\" srcset=\"http:\/\/engel-grill-bar.de\/wp-content\/uploads\/2017\/06\/20160830-_MG_0747-1024x683.jpg 1024w, http:\/\/engel-grill-bar.de\/wp-content\/uploads\/2017\/06\/20160830-_MG_0747-300x200.jpg 300w, http:\/\/engel-grill-bar.de\/wp-content\/uploads\/2017\/06\/20160830-_MG_0747-768x512.jpg 768w, http:\/\/engel-grill-bar.de\/wp-content\/uploads\/2017\/06\/20160830-_MG_0747.jpg 1500w\" sizes=\"(max-width: 1024px) 100vw, 1024px\" \/><\/a><\/figure>\n\n\n\n<figure class=\"wp-block-image size-large\"><a href=\"http:\/\/engel-grill-bar.de\/wp-content\/uploads\/2017\/06\/20160830-_MG_0789.jpg\"><img loading=\"lazy\" decoding=\"async\" width=\"1024\" height=\"535\" src=\"http:\/\/engel-grill-bar.de\/wp-content\/uploads\/2017\/06\/20160830-_MG_0789-1024x535.jpg\" alt=\"\" class=\"wp-image-963\" srcset=\"http:\/\/engel-grill-bar.de\/wp-content\/uploads\/2017\/06\/20160830-_MG_0789-1024x535.jpg 1024w, http:\/\/engel-grill-bar.de\/wp-content\/uploads\/2017\/06\/20160830-_MG_0789-300x157.jpg 300w, http:\/\/engel-grill-bar.de\/wp-content\/uploads\/2017\/06\/20160830-_MG_0789-768x401.jpg 768w, http:\/\/engel-grill-bar.de\/wp-content\/uploads\/2017\/06\/20160830-_MG_0789.jpg 1500w\" sizes=\"(max-width: 1024px) 100vw, 1024px\" \/><\/a><\/figure>\n<\/figure>\n<\/div>\n<\/div>\n\n\n\n<p class=\"has-text-align-center has-medium-font-size\"> <span style=\"color: #000000;\">Bei unseren zahlreichen \u2013 auch vegetarischen Burgervariationen legen wir viel Wert auf Qualit\u00e4t.<\/span><\/p>\n\n\n\n<div class=\"wp-block-columns is-layout-flex wp-container-core-columns-layout-3 wp-block-columns-is-layout-flex\">\n<div class=\"wp-block-column is-layout-flow wp-block-column-is-layout-flow\" style=\"flex-basis:100%\">\n<p class=\"has-text-align-center\"><\/p>\n\n\n\n<figure class=\"wp-block-gallery has-nested-images columns-default is-cropped wp-block-gallery-3 is-layout-flex wp-block-gallery-is-layout-flex\">\n<figure class=\"wp-block-image size-large\"><a href=\"http:\/\/engel-grill-bar.de\/wp-content\/uploads\/2013\/12\/201609022-_MG_1113.jpg\"><img loading=\"lazy\" decoding=\"async\" width=\"742\" height=\"1024\" src=\"http:\/\/engel-grill-bar.de\/wp-content\/uploads\/2013\/12\/201609022-_MG_1113-742x1024.jpg\" alt=\"\" class=\"wp-image-979\" srcset=\"http:\/\/engel-grill-bar.de\/wp-content\/uploads\/2013\/12\/201609022-_MG_1113-742x1024.jpg 742w, http:\/\/engel-grill-bar.de\/wp-content\/uploads\/2013\/12\/201609022-_MG_1113-217x300.jpg 217w, http:\/\/engel-grill-bar.de\/wp-content\/uploads\/2013\/12\/201609022-_MG_1113-768x1061.jpg 768w, http:\/\/engel-grill-bar.de\/wp-content\/uploads\/2013\/12\/201609022-_MG_1113.jpg 840w\" sizes=\"(max-width: 742px) 100vw, 742px\" \/><\/a><\/figure>\n\n\n\n<figure class=\"wp-block-image size-large\"><a href=\"http:\/\/engel-grill-bar.de\/wp-content\/uploads\/2013\/12\/20160902-_MG_1087.jpg\"><img loading=\"lazy\" decoding=\"async\" width=\"683\" height=\"1024\" src=\"http:\/\/engel-grill-bar.de\/wp-content\/uploads\/2013\/12\/20160902-_MG_1087-683x1024.jpg\" alt=\"\" class=\"wp-image-980\" srcset=\"http:\/\/engel-grill-bar.de\/wp-content\/uploads\/2013\/12\/20160902-_MG_1087-683x1024.jpg 683w, http:\/\/engel-grill-bar.de\/wp-content\/uploads\/2013\/12\/20160902-_MG_1087-200x300.jpg 200w, http:\/\/engel-grill-bar.de\/wp-content\/uploads\/2013\/12\/20160902-_MG_1087-768x1152.jpg 768w, http:\/\/engel-grill-bar.de\/wp-content\/uploads\/2013\/12\/20160902-_MG_1087.jpg 840w\" sizes=\"(max-width: 683px) 100vw, 683px\" \/><\/a><\/figure>\n\n\n\n<figure class=\"wp-block-image size-large\"><a href=\"http:\/\/engel-grill-bar.de\/wp-content\/uploads\/2013\/12\/20160902-_MG_1154-3.jpg\"><img loading=\"lazy\" decoding=\"async\" width=\"742\" height=\"1024\" src=\"http:\/\/engel-grill-bar.de\/wp-content\/uploads\/2013\/12\/20160902-_MG_1154-3-742x1024.jpg\" alt=\"\" class=\"wp-image-977\" srcset=\"http:\/\/engel-grill-bar.de\/wp-content\/uploads\/2013\/12\/20160902-_MG_1154-3-742x1024.jpg 742w, http:\/\/engel-grill-bar.de\/wp-content\/uploads\/2013\/12\/20160902-_MG_1154-3-217x300.jpg 217w, http:\/\/engel-grill-bar.de\/wp-content\/uploads\/2013\/12\/20160902-_MG_1154-3-768x1061.jpg 768w, http:\/\/engel-grill-bar.de\/wp-content\/uploads\/2013\/12\/20160902-_MG_1154-3.jpg 840w\" sizes=\"(max-width: 742px) 100vw, 742px\" \/><\/a><\/figure>\n<\/figure>\n<\/div>\n<\/div>\n\n\n\n<p class=\"has-text-align-center has-black-color has-text-color has-link-color has-medium-font-size wp-elements-694dda5dfac45390763739a278457f65\"><span style=\"color: #000000;\">Heute keine Lust auf einen Burger? <\/span><br><span style=\"color: #000000;\">Ihr findet auch alternative Speisen auf unserer<br><\/span><a href=\"http:\/\/engel-grill-bar.de\/wp-content\/uploads\/2025\/01\/speisekarte_01.2025-HPage.pdf\"><span style=\"color: #ff6600;\">>>>SPEISEKARTE&lt;&lt;&lt; <\/span><\/a><br><span style=\"color: #f0e9e4;\"><span style=\"color: #000000;\">Gerne k\u00f6nnt ihr fast alle Speisen auch &#8222;zum Mitnehmen&#8220; bestellen.<\/span><br><span style=\"color: #000000;\">Suppen, den gebackenen Feta und Dessert bieten wir <strong>nicht <\/strong>&#8222;zum Mitnehmen&#8220; an.<\/span><br><span style=\"color: #000000;\">Wir verwenden Verpackungen aus Pappe. Auf Wunsch k\u00f6nnt Ihr auch eigene Beh\u00e4lter mitbringen<\/span>,<br><span style=\"color: #000000;\">! nur m\u00f6glich wenn ihr uns schon bei der Bestellung informiert !<\/span><br><\/span><span style=\"color: #000000;\">Die K\u00fcche schlie\u00dft um 21:00 Uhr.<\/span><span style=\"color: #000000;\"><\/span><\/p>\n\n\n\n<div class=\"wp-block-media-text has-media-on-the-right is-stacked-on-mobile\" style=\"grid-template-columns:auto 35%\"><div class=\"wp-block-media-text__content\">\n<p class=\"has-black-color has-text-color has-link-color has-medium-font-size wp-elements-ccaec6b20327f2be87211bff1a3952f9\"><span style=\"color: #ff6600;\">W I R&nbsp;&nbsp; S I N D&nbsp; M E H R   <\/span><br><span style=\"color: #ff6600;\">A L S&nbsp;&nbsp; E I N&nbsp;&nbsp; <\/span><br><span style=\"color: #ff6600;\">R E S T A U R A N T . . .<\/span><br><br><span style=\"color: #000000;\">Genie\u00dft unsere Cocktails,<\/span><br><span style=\"color: #000000;\">hausgemachte Limonaden, <\/span><br><span style=\"color: #000000;\">oder eines der verschiedenen Biere der<\/span><br><a style=\"color: rgb(255, 102, 0);\" href=\"https:\/\/www.engelbier.de\/de\/?engelbier_valid=true\">BIERMANUKAFTUR ENGEL<\/a> aus Crailsheim.<\/p>\n<\/div><figure class=\"wp-block-media-text__media\"><img loading=\"lazy\" decoding=\"async\" width=\"1024\" height=\"930\" src=\"http:\/\/engel-grill-bar.de\/wp-content\/uploads\/2017\/06\/20160830-_MG_0969-1024x930.jpg\" alt=\"\" class=\"wp-image-967 size-full\" srcset=\"http:\/\/engel-grill-bar.de\/wp-content\/uploads\/2017\/06\/20160830-_MG_0969-1024x930.jpg 1024w, http:\/\/engel-grill-bar.de\/wp-content\/uploads\/2017\/06\/20160830-_MG_0969-300x272.jpg 300w, http:\/\/engel-grill-bar.de\/wp-content\/uploads\/2017\/06\/20160830-_MG_0969-768x697.jpg 768w, http:\/\/engel-grill-bar.de\/wp-content\/uploads\/2017\/06\/20160830-_MG_0969.jpg 1781w\" sizes=\"(max-width: 1024px) 100vw, 1024px\" \/><\/figure><\/div>\n\n\n\n<p class=\"has-text-align-center has-medium-font-size\"><span style=\"color: #000000;\">Sobald die Sonne scheint \u00f6ffnen wir auch unseren Biergarten.<\/span><\/p>\n\n\n\n<figure class=\"wp-block-gallery has-nested-images columns-default is-cropped wp-block-gallery-4 is-layout-flex wp-block-gallery-is-layout-flex\">\n<figure class=\"wp-block-image size-large\"><a href=\"http:\/\/engel-grill-bar.de\/wp-content\/uploads\/2017\/11\/Hotel-Engel-1-von-1-61.jpg\"><img loading=\"lazy\" decoding=\"async\" width=\"1024\" height=\"684\" data-id=\"1037\" src=\"http:\/\/engel-grill-bar.de\/wp-content\/uploads\/2017\/11\/Hotel-Engel-1-von-1-61-1024x684.jpg\" alt=\"\" class=\"wp-image-1037\" srcset=\"http:\/\/engel-grill-bar.de\/wp-content\/uploads\/2017\/11\/Hotel-Engel-1-von-1-61-1024x684.jpg 1024w, http:\/\/engel-grill-bar.de\/wp-content\/uploads\/2017\/11\/Hotel-Engel-1-von-1-61-300x200.jpg 300w, http:\/\/engel-grill-bar.de\/wp-content\/uploads\/2017\/11\/Hotel-Engel-1-von-1-61-768x513.jpg 768w\" sizes=\"(max-width: 1024px) 100vw, 1024px\" \/><\/a><\/figure>\n\n\n\n<figure class=\"wp-block-image size-large\"><a href=\"http:\/\/engel-grill-bar.de\/wp-content\/uploads\/2013\/12\/Hotel-Engel-1-von-1-62a.jpg\"><img loading=\"lazy\" decoding=\"async\" width=\"1024\" height=\"750\" data-id=\"1026\" src=\"http:\/\/engel-grill-bar.de\/wp-content\/uploads\/2013\/12\/Hotel-Engel-1-von-1-62a-1024x750.jpg\" alt=\"\" class=\"wp-image-1026\" srcset=\"http:\/\/engel-grill-bar.de\/wp-content\/uploads\/2013\/12\/Hotel-Engel-1-von-1-62a-1024x750.jpg 1024w, http:\/\/engel-grill-bar.de\/wp-content\/uploads\/2013\/12\/Hotel-Engel-1-von-1-62a-300x220.jpg 300w, http:\/\/engel-grill-bar.de\/wp-content\/uploads\/2013\/12\/Hotel-Engel-1-von-1-62a-768x563.jpg 768w\" sizes=\"(max-width: 1024px) 100vw, 1024px\" \/><\/a><\/figure>\n<\/figure>\n","protected":false},"excerpt":{"rendered":"<p>&nbsp;WIR LADEN EUCH HERZLICH EIN&#8230; besucht uns und probiert vom Chef pers\u00f6nlich hausgemachte Burger. T\u00e4glich selbstgebackene Br\u00f6tchen, frisch zubereitete Frikadellen zu 100% aus Rindfleisch,selbst gep\u00f6keltes und ger\u00e4uchertes Pastrami, lange gegartes Pulled Pork,leckere hausgemachte Saucen und die regionalen Zutaten ergebenden einzigartigen Geschmack unserer Burger. Bei unseren zahlreichen \u2013 auch vegetarischen Burgervariationen legen wir viel Wert auf&hellip;<\/p>\n","protected":false},"author":2,"featured_media":0,"parent":0,"menu_order":0,"comment_status":"closed","ping_status":"open","template":"","meta":{"footnotes":""},"_links":{"self":[{"href":"http:\/\/engel-grill-bar.de\/index.php?rest_route=\/wp\/v2\/pages\/8"}],"collection":[{"href":"http:\/\/engel-grill-bar.de\/index.php?rest_route=\/wp\/v2\/pages"}],"about":[{"href":"http:\/\/engel-grill-bar.de\/index.php?rest_route=\/wp\/v2\/types\/page"}],"author":[{"embeddable":true,"href":"http:\/\/engel-grill-bar.de\/index.php?rest_route=\/wp\/v2\/users\/2"}],"replies":[{"embeddable":true,"href":"http:\/\/engel-grill-bar.de\/index.php?rest_route=%2Fwp%2Fv2%2Fcomments&post=8"}],"version-history":[{"count":169,"href":"http:\/\/engel-grill-bar.de\/index.php?rest_route=\/wp\/v2\/pages\/8\/revisions"}],"predecessor-version":[{"id":1767,"href":"http:\/\/engel-grill-bar.de\/index.php?rest_route=\/wp\/v2\/pages\/8\/revisions\/1767"}],"wp:attachment":[{"href":"http:\/\/engel-grill-bar.de\/index.php?rest_route=%2Fwp%2Fv2%2Fmedia&parent=8"}],"curies":[{"name":"wp","href":"https:\/\/api.w.org\/{rel}","templated":true}]}}