{"id":1129,"date":"2018-07-19T13:23:45","date_gmt":"2018-07-19T13:23:45","guid":{"rendered":"http:\/\/engel-grill-bar.de\/?page_id=1129"},"modified":"2018-07-19T13:50:23","modified_gmt":"2018-07-19T13:50:23","slug":"datenschutzerklaerung","status":"publish","type":"page","link":"https:\/\/engel-grill-bar.de\/?page_id=1129","title":{"rendered":"Datenschutzerkl\u00e4rung"},"content":{"rendered":"<p><strong><span style=\"color: #ff6600;\">Datenschutz<\/span><\/strong><\/p>\n<p><span style=\"color: #000000;\">Die Nutzung unserer Webseite ist in der Regel ohne Angabe personenbezogener Daten m\u00f6glich. Soweit auf unseren Seiten personenbezogene Daten (beispielsweise Name, Anschrift oder eMail-Adressen) erhoben werden, erfolgt dies, soweit m\u00f6glich, stets auf freiwilliger Basis. Diese Daten werden ohne Ihre ausdr\u00fcckliche Zustimmung nicht an Dritte weitergegeben.<\/span><\/p>\n<p><span style=\"color: #000000;\">Wir weisen darauf hin, dass die Daten\u00fcbertragung im Internet (z.B. bei der Kommunikation per E-Mail) Sicherheitsl\u00fccken aufweisen kann. Ein l\u00fcckenloser Schutz der Daten vor dem Zugriff durch Dritte ist nicht m\u00f6glich.<\/span><\/p>\n<p><span style=\"color: #000000;\">Der Nutzung von im Rahmen der Impressumspflicht ver\u00f6ffentlichten Kontaktdaten durch Dritte zur \u00dcbersendung von nicht ausdr\u00fccklich angeforderter Werbung und Informationsmaterialien wird hiermit ausdr\u00fccklich widersprochen. Die Betreiber der Seiten behalten sich ausdr\u00fccklich rechtliche Schritte im Falle der unverlangten Zusendung von Werbeinformationen, etwa durch Spam-Mails, vor.<\/span><\/p>\n<p><strong><span style=\"color: #ff6600;\">Zugriffsdaten<\/span><\/strong><\/p>\n<p><span style=\"color: #000000;\">Der Websitebetreiber bzw. Seitenprovider erhebt Daten \u00fcber Zugriffe auf die Seite und<br \/>\nspeichert diese als \u201eServer-Logfiles\u201c ab. Folgende Daten werden so protokolliert:<\/span><\/p>\n<ul>\n<li><span style=\"color: #000000;\">Besuchte Website<\/span><\/li>\n<li><span style=\"color: #000000;\">Uhrzeit zum Zeitpunkt des Zugriffes<\/span><\/li>\n<li><span style=\"color: #000000;\">Menge der gesendeten Daten in Byte<\/span><\/li>\n<li><span style=\"color: #000000;\">Quelle\/Verweis, von welchem Sie auf die Seite gelangten<\/span><\/li>\n<li><span style=\"color: #000000;\">Verwendeter Browser<\/span><\/li>\n<li><span style=\"color: #000000;\">Verwendetes Betriebssystem<\/span><\/li>\n<li><span style=\"color: #000000;\">Verwendete IP-Adresse (ggf.: in anonymisierter Form)<\/span><\/li>\n<\/ul>\n<p><span style=\"color: #000000;\">Die erhobenen Daten dienen lediglich statistischen Auswertungen und zur Verbesserung der<br \/>\nWebsite. Der Websitebetreiber beh\u00e4lt sich allerdings vor, die Server-Logfiles nachtr\u00e4glich zu<br \/>\n\u00fcberpr\u00fcfen, sollten konkrete Anhaltspunkte auf eine rechtswidrige Nutzung hinweisen.<\/span><\/p>\n","protected":false},"excerpt":{"rendered":"<p>Datenschutz Die Nutzung unserer Webseite ist in der Regel ohne Angabe personenbezogener Daten m\u00f6glich. Soweit auf unseren Seiten personenbezogene Daten (beispielsweise Name, Anschrift oder eMail-Adressen) erhoben werden, erfolgt dies, soweit m\u00f6glich, stets auf freiwilliger Basis. Diese Daten werden ohne Ihre ausdr\u00fcckliche Zustimmung nicht an Dritte weitergegeben. Wir weisen darauf hin, dass die Daten\u00fcbertragung im Internet&hellip;<\/p>\n","protected":false},"author":2,"featured_media":0,"parent":0,"menu_order":0,"comment_status":"closed","ping_status":"closed","template":"","meta":{"footnotes":""},"_links":{"self":[{"href":"https:\/\/engel-grill-bar.de\/index.php?rest_route=\/wp\/v2\/pages\/1129"}],"collection":[{"href":"https:\/\/engel-grill-bar.de\/index.php?rest_route=\/wp\/v2\/pages"}],"about":[{"href":"https:\/\/engel-grill-bar.de\/index.php?rest_route=\/wp\/v2\/types\/page"}],"author":[{"embeddable":true,"href":"https:\/\/engel-grill-bar.de\/index.php?rest_route=\/wp\/v2\/users\/2"}],"replies":[{"embeddable":true,"href":"https:\/\/engel-grill-bar.de\/index.php?rest_route=%2Fwp%2Fv2%2Fcomments&post=1129"}],"version-history":[{"count":11,"href":"https:\/\/engel-grill-bar.de\/index.php?rest_route=\/wp\/v2\/pages\/1129\/revisions"}],"predecessor-version":[{"id":1148,"href":"https:\/\/engel-grill-bar.de\/index.php?rest_route=\/wp\/v2\/pages\/1129\/revisions\/1148"}],"wp:attachment":[{"href":"https:\/\/engel-grill-bar.de\/index.php?rest_route=%2Fwp%2Fv2%2Fmedia&parent=1129"}],"curies":[{"name":"wp","href":"https:\/\/api.w.org\/{rel}","templated":true}]}}