{"id":26,"date":"2013-12-29T17:37:17","date_gmt":"2013-12-29T17:37:17","guid":{"rendered":"http:\/\/engel-grill-bar.de\/gbe\/?page_id=26"},"modified":"2026-04-01T15:38:37","modified_gmt":"2026-04-01T15:38:37","slug":"sky-live","status":"publish","type":"page","link":"https:\/\/engel-grill-bar.de\/?page_id=26","title":{"rendered":"SPECIALS"},"content":{"rendered":"<h1 style=\"text-align: center;\"><span style=\"color: #ff6600;\">F R A N K F U R T E R\u00a0 \u00a0B U R G E R<br \/><\/span><\/h1>\n<p style=\"text-align: center;\"><span style=\"color: #000000;\">selbstgebackenes Br\u00f6tchen, Rinderfrikadelle, <br \/>Frankfurter Gr\u00fcne So\u00dfe, Spiegelei,\u00a0<br \/>Bacon, frische Zwiebeln, Tomate, Blattsalat<\/span><span style=\"color: #000000;\"><br \/>ohne Beilage \u20ac 15,50<br \/>mit Pommes \u20ac 18,00<\/span><br \/><span style=\"color: #000000;\">mit Beilagensalat \u20ac 20,50<\/span><\/p>\n\n\n<h1 class=\"wp-block-heading has-text-align-center has-luminous-vivid-orange-color has-text-color has-link-color wp-elements-03a0def9d5a75c26d0dd58a414d1e9ad\"> F R A N K F U R T E R   S C H N I T Z E L<\/h1>\n\n\n\n<p class=\"has-text-align-center has-black-color has-text-color has-link-color wp-elements-64c685e5d54bdb88b8e49ba9d8309f98\">Schnitzel vom Kalbsr\u00fccken mit Frankfurter Gr\u00fcner So\u00dfe<br>mit Pommes \u20ac 24,50<br>mit Beilagensalat \u20ac 27,00<\/p>\n","protected":false},"excerpt":{"rendered":"<p>F R A N K F U R T E R\u00a0 \u00a0B U R G E R selbstgebackenes Br\u00f6tchen, Rinderfrikadelle, Frankfurter Gr\u00fcne So\u00dfe, Spiegelei,\u00a0Bacon, frische Zwiebeln, Tomate, Blattsalatohne Beilage \u20ac 15,50mit Pommes \u20ac 18,00mit Beilagensalat \u20ac 20,50 F R A N K F U R T E R S C H N I T Z&hellip;<\/p>\n","protected":false},"author":2,"featured_media":0,"parent":0,"menu_order":0,"comment_status":"closed","ping_status":"open","template":"","meta":{"footnotes":""},"_links":{"self":[{"href":"https:\/\/engel-grill-bar.de\/index.php?rest_route=\/wp\/v2\/pages\/26"}],"collection":[{"href":"https:\/\/engel-grill-bar.de\/index.php?rest_route=\/wp\/v2\/pages"}],"about":[{"href":"https:\/\/engel-grill-bar.de\/index.php?rest_route=\/wp\/v2\/types\/page"}],"author":[{"embeddable":true,"href":"https:\/\/engel-grill-bar.de\/index.php?rest_route=\/wp\/v2\/users\/2"}],"replies":[{"embeddable":true,"href":"https:\/\/engel-grill-bar.de\/index.php?rest_route=%2Fwp%2Fv2%2Fcomments&post=26"}],"version-history":[{"count":306,"href":"https:\/\/engel-grill-bar.de\/index.php?rest_route=\/wp\/v2\/pages\/26\/revisions"}],"predecessor-version":[{"id":1833,"href":"https:\/\/engel-grill-bar.de\/index.php?rest_route=\/wp\/v2\/pages\/26\/revisions\/1833"}],"wp:attachment":[{"href":"https:\/\/engel-grill-bar.de\/index.php?rest_route=%2Fwp%2Fv2%2Fmedia&parent=26"}],"curies":[{"name":"wp","href":"https:\/\/api.w.org\/{rel}","templated":true}]}}