{"id":6,"date":"2013-12-29T17:25:23","date_gmt":"2013-12-29T17:25:23","guid":{"rendered":"http:\/\/engel-grill-bar.de\/gbe\/?page_id=6"},"modified":"2026-01-16T19:47:52","modified_gmt":"2026-01-16T19:47:52","slug":"willkommen","status":"publish","type":"page","link":"https:\/\/engel-grill-bar.de\/","title":{"rendered":"\u00d6FFNUNGSZEITEN"},"content":{"rendered":"\n<div class=\"wp-block-group is-vertical is-content-justification-center is-layout-flex wp-container-core-group-layout-1 wp-block-group-is-layout-flex\">\n<p class=\"has-text-align-center has-large-font-size\" style=\"font-style:normal;font-weight:100\"><span style=\"color: #000000;\"><span style=\"color: #000000;\">H E R Z L I C H&nbsp; &nbsp; <\/span><\/span><span style=\"color: #000000;\"><span style=\"color: #000000;\">W I L L K O M M E N <\/span><\/span><\/p>\n\n\n\n<p class=\"has-text-align-center has-medium-font-size is-layout-flow wp-block-paragraph-is-layout-flow\" style=\"font-style:normal;font-weight:200\"><span style=\"color: #000000;\">Sch\u00f6n, dass du auf unserer Seite vorbeischaust. <\/span><br><span style=\"color: #000000;\"><span style=\"color: #000000;\">Wir freuen uns sehr, euch als G\u00e4ste bei uns begr\u00fc\u00dfen zu d\u00fcrfen<\/span><\/span>.<\/p>\n<\/div>\n\n\n\n<div class=\"wp-block-columns is-layout-flex wp-container-core-columns-layout-1 wp-block-columns-is-layout-flex\">\n<div class=\"wp-block-column is-layout-flow wp-block-column-is-layout-flow\" style=\"flex-basis:100%\">\n<figure class=\"wp-block-gallery has-nested-images columns-default is-cropped wp-block-gallery-1 is-layout-flex wp-block-gallery-is-layout-flex\">\n<figure class=\"wp-block-image size-large is-style-default\"><a href=\"http:\/\/engel-grill-bar.de\/wp-content\/uploads\/2017\/11\/Hotel-Engel-1-von-1-49.jpg\"><img loading=\"lazy\" decoding=\"async\" width=\"1024\" height=\"683\" src=\"http:\/\/engel-grill-bar.de\/wp-content\/uploads\/2017\/11\/Hotel-Engel-1-von-1-49-1024x683.jpg\" alt=\"\" class=\"wp-image-1033\" srcset=\"https:\/\/engel-grill-bar.de\/wp-content\/uploads\/2017\/11\/Hotel-Engel-1-von-1-49-1024x683.jpg 1024w, https:\/\/engel-grill-bar.de\/wp-content\/uploads\/2017\/11\/Hotel-Engel-1-von-1-49-300x200.jpg 300w, https:\/\/engel-grill-bar.de\/wp-content\/uploads\/2017\/11\/Hotel-Engel-1-von-1-49-768x513.jpg 768w\" sizes=\"(max-width: 1024px) 100vw, 1024px\" \/><\/a><\/figure>\n\n\n\n<figure class=\"wp-block-image size-large\"><a href=\"http:\/\/engel-grill-bar.de\/wp-content\/uploads\/2017\/11\/Hotel-Engel-1-von-1-54.jpg\"><img loading=\"lazy\" decoding=\"async\" width=\"1024\" height=\"683\" src=\"http:\/\/engel-grill-bar.de\/wp-content\/uploads\/2017\/11\/Hotel-Engel-1-von-1-54-1024x683.jpg\" alt=\"\" class=\"wp-image-1036\" srcset=\"https:\/\/engel-grill-bar.de\/wp-content\/uploads\/2017\/11\/Hotel-Engel-1-von-1-54-1024x683.jpg 1024w, https:\/\/engel-grill-bar.de\/wp-content\/uploads\/2017\/11\/Hotel-Engel-1-von-1-54-300x200.jpg 300w, https:\/\/engel-grill-bar.de\/wp-content\/uploads\/2017\/11\/Hotel-Engel-1-von-1-54-768x513.jpg 768w\" sizes=\"(max-width: 1024px) 100vw, 1024px\" \/><\/a><\/figure>\n<\/figure>\n<\/div>\n<\/div>\n\n\n\n<div class=\"wp-block-group is-vertical is-content-justification-center is-layout-flex wp-container-core-group-layout-2 wp-block-group-is-layout-flex\">\n<p><\/p>\n\n\n\n<p class=\"has-text-align-center has-luminous-vivid-orange-color has-text-color has-link-color wp-elements-46f28ca85db42bcf8f3033e1981a1360\" style=\"font-size:25px;font-style:normal;font-weight:100;text-decoration:underline\">\u00d6 F F N U N G S Z E I T E N<\/p>\n\n\n\n<p class=\"has-text-align-center has-black-color has-text-color has-link-color has-medium-font-size wp-elements-089c346b5ac14bc63b7f61c49ebe520a\" style=\"font-style:normal;font-weight:200\">MITTWOCH bis SONNTAG<br>17:00 bis 22:30 Uhr<br>K\u00dcCHE bis 21:00 Uhr<br>MONTAGS und DIENSTAGS geschlossen<\/p>\n\n\n\n<p class=\"has-text-align-center has-black-color has-text-color has-link-color has-medium-font-size wp-elements-6d8b546f253e9a9b77c7cb07eb393c79\" style=\"font-style:normal;font-weight:200\"><\/p>\n<\/div>\n\n\n\n<p class=\"has-text-align-center has-luminous-vivid-orange-color has-text-color has-link-color wp-elements-3fd5567d5a4d21bef27ba84c3fabcf25\" style=\"font-size:25px;font-style:normal;font-weight:100;text-decoration:underline\">B E T R I E B S F E R I E N <\/p>\n\n\n\n<p class=\"has-text-align-center has-black-color has-text-color has-link-color has-medium-font-size wp-elements-a4b1745ccf32980181544a50c297e1fe\">vom 06.04.2026 bis 22.04.2026<br>ist unser Restaurant geschlo\u00dfen<\/p>\n","protected":false},"excerpt":{"rendered":"<p>H E R Z L I C H&nbsp; &nbsp; W I L L K O M M E N Sch\u00f6n, dass du auf unserer Seite vorbeischaust. Wir freuen uns sehr, euch als G\u00e4ste bei uns begr\u00fc\u00dfen zu d\u00fcrfen. \u00d6 F F N U N G S Z E I T E N MITTWOCH bis SONNTAG17:00&hellip;<\/p>\n","protected":false},"author":2,"featured_media":0,"parent":0,"menu_order":0,"comment_status":"closed","ping_status":"open","template":"","meta":{"footnotes":""},"_links":{"self":[{"href":"https:\/\/engel-grill-bar.de\/index.php?rest_route=\/wp\/v2\/pages\/6"}],"collection":[{"href":"https:\/\/engel-grill-bar.de\/index.php?rest_route=\/wp\/v2\/pages"}],"about":[{"href":"https:\/\/engel-grill-bar.de\/index.php?rest_route=\/wp\/v2\/types\/page"}],"author":[{"embeddable":true,"href":"https:\/\/engel-grill-bar.de\/index.php?rest_route=\/wp\/v2\/users\/2"}],"replies":[{"embeddable":true,"href":"https:\/\/engel-grill-bar.de\/index.php?rest_route=%2Fwp%2Fv2%2Fcomments&post=6"}],"version-history":[{"count":413,"href":"https:\/\/engel-grill-bar.de\/index.php?rest_route=\/wp\/v2\/pages\/6\/revisions"}],"predecessor-version":[{"id":1828,"href":"https:\/\/engel-grill-bar.de\/index.php?rest_route=\/wp\/v2\/pages\/6\/revisions\/1828"}],"wp:attachment":[{"href":"https:\/\/engel-grill-bar.de\/index.php?rest_route=%2Fwp%2Fv2%2Fmedia&parent=6"}],"curies":[{"name":"wp","href":"https:\/\/api.w.org\/{rel}","templated":true}]}}